{"id":206,"date":"2021-06-11T23:51:41","date_gmt":"2021-06-11T23:51:41","guid":{"rendered":"https:\/\/elretiro.gob.ec\/?page_id=206"},"modified":"2021-11-18T23:44:30","modified_gmt":"2021-11-18T23:44:30","slug":"cultura-y-deportes","status":"publish","type":"page","link":"https:\/\/elretiro.gob.ec\/?page_id=206","title":{"rendered":"Cultura y deportes"},"content":{"rendered":"\n<p><a>En<\/a> la parroquia El retiro el 90 % de la poblaci\u00f3n son cat\u00f3licos que comprenden a 1150 familias y el restante porcentaje 8 % de familias son evang\u00e9licos y testigos de Jehov\u00e1 en un porcentaje menor 2%.<\/p>\n\n\n\n<div class=\"wp-block-image\"><figure class=\"aligncenter size-full\"><img loading=\"lazy\" decoding=\"async\" width=\"611\" height=\"216\" src=\"https:\/\/elretiro.gob.ec\/wp-content\/uploads\/2021\/11\/retiro-55.jpg\" alt=\"\" class=\"wp-image-553\" srcset=\"https:\/\/elretiro.gob.ec\/wp-content\/uploads\/2021\/11\/retiro-55.jpg 611w, https:\/\/elretiro.gob.ec\/wp-content\/uploads\/2021\/11\/retiro-55-300x106.jpg 300w\" sizes=\"(max-width: 611px) 100vw, 611px\" \/><\/figure><\/div>\n\n\n\n<p>Es caracter\u00edstico en los pueblos rurales los festejos religiosos que son acompa\u00f1ados de bandas, juegos pirot\u00e9cnicos, juegos infantiles, etc. Entre las principales costumbres anotadas tanto en los sitios como en la cabecera parroquial, tenemos: Pelea de gallos, grupos de danza, canto. Los juegos deportivos, las novenas religiosas, el juego de naipes son parte tambi\u00e9n de la cultura de la poblaci\u00f3n.<\/p>\n\n\n\n<p>Los juegos deportivos, las novenas religiosas, el juego de naipes son parte tambi\u00e9n de la cultura de la poblaci\u00f3n.<\/p>\n\n\n\n<div class=\"wp-block-image\"><figure class=\"aligncenter size-full\"><img loading=\"lazy\" decoding=\"async\" width=\"618\" height=\"251\" src=\"https:\/\/elretiro.gob.ec\/wp-content\/uploads\/2021\/11\/retiro-56.jpg\" alt=\"\" class=\"wp-image-554\" srcset=\"https:\/\/elretiro.gob.ec\/wp-content\/uploads\/2021\/11\/retiro-56.jpg 618w, https:\/\/elretiro.gob.ec\/wp-content\/uploads\/2021\/11\/retiro-56-300x122.jpg 300w\" sizes=\"(max-width: 618px) 100vw, 618px\" \/><\/figure><\/div>\n\n\n\n<p><strong>Deportes.<\/strong><\/p>\n\n\n\n<p>En esta secci\u00f3n, de acuerdo a la disponibilidad de informaci\u00f3n y lo establecido en el nivel cantonal, se analizar\u00e1 la existencia de espacio p\u00fablico en la parroquia para el encuentro ciudadano de los distintos grupos que habitan el territorio.<\/p>\n\n\n\n<div class=\"wp-block-image\"><figure class=\"aligncenter size-full\"><img loading=\"lazy\" decoding=\"async\" width=\"616\" height=\"259\" src=\"https:\/\/elretiro.gob.ec\/wp-content\/uploads\/2021\/11\/retiro-57.jpg\" alt=\"\" class=\"wp-image-555\" srcset=\"https:\/\/elretiro.gob.ec\/wp-content\/uploads\/2021\/11\/retiro-57.jpg 616w, https:\/\/elretiro.gob.ec\/wp-content\/uploads\/2021\/11\/retiro-57-300x126.jpg 300w\" sizes=\"(max-width: 616px) 100vw, 616px\" \/><\/figure><\/div>\n\n\n\n<p>La parroquia el Retiro cuenta con un moderno parque, que est\u00e1 dotado con lossiguientes servicios b\u00e1sicos: \u00e1reas verdes, pileta, juegos infantiles, energ\u00eda el\u00e9ctrica, bater\u00edas sanitarias. Un coliseo cerrado, donde se realizan eventos sociales, culturales y deportivos. Tiene un estadio donde se organizan campeonatos deportivos.<\/p>\n\n\n\n<div class=\"wp-block-image\"><figure class=\"aligncenter size-full\"><img loading=\"lazy\" decoding=\"async\" width=\"608\" height=\"288\" src=\"https:\/\/elretiro.gob.ec\/wp-content\/uploads\/2021\/11\/retiro-58.jpg\" alt=\"\" class=\"wp-image-557\" srcset=\"https:\/\/elretiro.gob.ec\/wp-content\/uploads\/2021\/11\/retiro-58.jpg 608w, https:\/\/elretiro.gob.ec\/wp-content\/uploads\/2021\/11\/retiro-58-300x142.jpg 300w\" sizes=\"(max-width: 608px) 100vw, 608px\" \/><\/figure><\/div>\n\n\n\n<p>El estadio no cuenta con los servicios b\u00e1sicos, como agua, alcantarillado, energ\u00eda el\u00e9ctrica, cubierta y grader\u00edos.<\/p>\n\n\n\n<p>El sitio Buena Esperanza cuenta con un centro deportivo, (\u201cAgust\u00edn Aucapi\u00f1a\u201d)<\/p>\n\n\n\n<p>El centro deportivo cuenta con todos los servicios b\u00e1sicos, adem\u00e1s est\u00e1 dotado de escenario, grader\u00edo y camerinos. Para acceder al escenario hay ranflas para discapacitados. Est\u00e1 equipado con dos cajas de amplificaci\u00f3n para eventos como bailoterapia del programa ejerc\u00edtate Ecuador.<\/p>\n\n\n\n<div class=\"wp-block-image\"><figure class=\"aligncenter size-full\"><img loading=\"lazy\" decoding=\"async\" width=\"617\" height=\"244\" src=\"https:\/\/elretiro.gob.ec\/wp-content\/uploads\/2021\/11\/retiro-59.jpg\" alt=\"\" class=\"wp-image-558\" srcset=\"https:\/\/elretiro.gob.ec\/wp-content\/uploads\/2021\/11\/retiro-59.jpg 617w, https:\/\/elretiro.gob.ec\/wp-content\/uploads\/2021\/11\/retiro-59-300x119.jpg 300w\" sizes=\"(max-width: 617px) 100vw, 617px\" \/><\/figure><\/div>\n\n\n\n<p>En el mismo sitio antes mencionado, se encuentra junto al centro deportivo, una cancha que no cuenta con todos los servicios b\u00e1sicos, no tiene cerramiento, cubierta, energ\u00eda el\u00e9ctrica, bater\u00edas sanitarias, se utiliza espor\u00e1dicamente para hacer campeonatos y eventos sociales.<\/p>\n\n\n\n<p>El km 15 cuenta con una cancha que est\u00e1 en condiciones precarias, no tiene servicios b\u00e1sicos, cerramiento, cubierta, se\u00f1al\u00e9tica, canalizaci\u00f3n, arcos. La cancha no tiene nivel por lo que en \u00e9pocas invernales se inunda y no se puede hacer uso del espacio por la acumulaci\u00f3n de agua. Esto genera molestia entre los moradores por el mal olor y la proliferaci\u00f3n del zancudo.<\/p>\n\n\n\n<p>El sitio el recreo cuenta con una cancha poli funcional, donde se concentra la comunidad, la cancha cuenta con servicios B\u00e1sicos como agua, energ\u00eda el\u00e9ctrica y bater\u00edas sanitarias, el grader\u00edo de la cancha cuenta con cubierta.<\/p>\n\n\n\n<p>En el sitio San Vicente cuenta con una cancha polifuncional en buen estado, est\u00e1 dotada de servicios b\u00e1sicos como: Energ\u00eda el\u00e9ctrica, agua, alcantarillado, grader\u00edo con cubierta, tambi\u00e9n cuenta con un escenario con camerinos y todos los servicios b\u00e1sicos, ah\u00ed se realizan eventos sociales deportivos y culturales.<\/p>\n\n\n\n<p><strong>Cancha El Retiro<\/strong><\/p>\n\n\n\n<p>Descripci\u00f3n. Consta con un cerramiento de malla met\u00e1lica<\/p>\n\n\n\n<p><strong>CARACTER\u00cdSTICAS GENERALES<\/strong><\/p>\n\n\n\n<p>Ubicaci\u00f3n: est\u00e1 ubicado en la calle 16 de abril.<\/p>\n\n\n\n<p>Tenencia: Local publico administrado por la liga parroquial. Horario: de lunes a domingo de 15:00pm a 18:00pm.<\/p>\n\n\n\n<div class=\"wp-block-image\"><figure class=\"aligncenter size-full\"><img loading=\"lazy\" decoding=\"async\" width=\"607\" height=\"134\" src=\"https:\/\/elretiro.gob.ec\/wp-content\/uploads\/2021\/11\/retiro-60.jpg\" alt=\"\" class=\"wp-image-559\" srcset=\"https:\/\/elretiro.gob.ec\/wp-content\/uploads\/2021\/11\/retiro-60.jpg 607w, https:\/\/elretiro.gob.ec\/wp-content\/uploads\/2021\/11\/retiro-60-300x66.jpg 300w\" sizes=\"(max-width: 607px) 100vw, 607px\" \/><\/figure><\/div>\n\n\n\n<p><strong>PARQUE DE LA PARROQUIA EL RETIRO<\/strong><\/p>\n\n\n\n<p>Descripci\u00f3n: El parque cuenta con: \u00e1rboles, arbustos y c\u00e9sped sint\u00e9tico, adem\u00e1s tobog\u00e1n, columpios, t\u00faneles, jardineras, bancas, pileta y bater\u00edas sanitarias para mujeres hombres y discapacitados.<\/p>\n\n\n\n<div class=\"wp-block-image\"><figure class=\"aligncenter size-full\"><img loading=\"lazy\" decoding=\"async\" width=\"615\" height=\"229\" src=\"https:\/\/elretiro.gob.ec\/wp-content\/uploads\/2021\/11\/retiro-61.jpg\" alt=\"\" class=\"wp-image-560\" srcset=\"https:\/\/elretiro.gob.ec\/wp-content\/uploads\/2021\/11\/retiro-61.jpg 615w, https:\/\/elretiro.gob.ec\/wp-content\/uploads\/2021\/11\/retiro-61-300x112.jpg 300w\" sizes=\"(max-width: 615px) 100vw, 615px\" \/><\/figure><\/div>\n\n\n\n<p><strong>CENTRO SOCIAL, CULTURAL Y DEPORTIVO EL RETIRO<\/strong><\/p>\n\n\n\n<p>Descripci\u00f3n: El coliseo cuenta con: cancha poli funcional (indor, b\u00e1squet, v\u00f3ley), grader\u00edo, escenario, cubierta, cerramiento, bar, camerinos, ba\u00f1os y urinarios.<\/p>\n\n\n\n<p><strong>CARACTER\u00cdSTICAS GENERALES<\/strong><\/p>\n\n\n\n<p>Ubicaci\u00f3n: Se encuentra ubicado en la avenida Harry \u00c1lvarez, frente al G.A.D. parroquial<\/p>\n\n\n\n<p>Tenencia: Local Propio, administraci\u00f3n GAD Parroquial.<\/p>\n\n\n\n<div class=\"wp-block-image\"><figure class=\"aligncenter size-full\"><img loading=\"lazy\" decoding=\"async\" width=\"601\" height=\"137\" src=\"https:\/\/elretiro.gob.ec\/wp-content\/uploads\/2021\/11\/retiro-62-1.jpg\" alt=\"\" class=\"wp-image-562\" srcset=\"https:\/\/elretiro.gob.ec\/wp-content\/uploads\/2021\/11\/retiro-62-1.jpg 601w, https:\/\/elretiro.gob.ec\/wp-content\/uploads\/2021\/11\/retiro-62-1-300x68.jpg 300w\" sizes=\"(max-width: 601px) 100vw, 601px\" \/><\/figure><\/div>\n","protected":false},"excerpt":{"rendered":"<p>En la parroquia El retiro el 90 % de la poblaci\u00f3n son cat\u00f3licos que comprenden a 1150 familias y el restante porcentaje 8 % de familias son evang\u00e9licos y testigos de Jehov\u00e1 en un porcentaje menor 2%. Es caracter\u00edstico en los pueblos rurales los festejos religiosos que son acompa\u00f1ados de bandas, juegos pirot\u00e9cnicos, juegos infantiles,&hellip;&nbsp;<a href=\"https:\/\/elretiro.gob.ec\/?page_id=206\" class=\"\" rel=\"bookmark\">Leer m\u00e1s &raquo;<span class=\"screen-reader-text\">Cultura y deportes<\/span><\/a><\/p>\n","protected":false},"author":1,"featured_media":0,"parent":0,"menu_order":0,"comment_status":"closed","ping_status":"closed","template":"","meta":{"neve_meta_sidebar":"","neve_meta_container":"","neve_meta_enable_content_width":"","neve_meta_content_width":0,"neve_meta_title_alignment":"","neve_meta_author_avatar":"","neve_post_elements_order":"","neve_meta_disable_header":"","neve_meta_disable_footer":"","neve_meta_disable_title":"","footnotes":""},"_links":{"self":[{"href":"https:\/\/elretiro.gob.ec\/index.php?rest_route=\/wp\/v2\/pages\/206"}],"collection":[{"href":"https:\/\/elretiro.gob.ec\/index.php?rest_route=\/wp\/v2\/pages"}],"about":[{"href":"https:\/\/elretiro.gob.ec\/index.php?rest_route=\/wp\/v2\/types\/page"}],"author":[{"embeddable":true,"href":"https:\/\/elretiro.gob.ec\/index.php?rest_route=\/wp\/v2\/users\/1"}],"replies":[{"embeddable":true,"href":"https:\/\/elretiro.gob.ec\/index.php?rest_route=%2Fwp%2Fv2%2Fcomments&post=206"}],"version-history":[{"count":3,"href":"https:\/\/elretiro.gob.ec\/index.php?rest_route=\/wp\/v2\/pages\/206\/revisions"}],"predecessor-version":[{"id":563,"href":"https:\/\/elretiro.gob.ec\/index.php?rest_route=\/wp\/v2\/pages\/206\/revisions\/563"}],"wp:attachment":[{"href":"https:\/\/elretiro.gob.ec\/index.php?rest_route=%2Fwp%2Fv2%2Fmedia&parent=206"}],"curies":[{"name":"wp","href":"https:\/\/api.w.org\/{rel}","templated":true}]}}