{"id":204,"date":"2021-06-11T23:51:41","date_gmt":"2021-06-11T23:51:41","guid":{"rendered":"https:\/\/elretiro.gob.ec\/?page_id=204"},"modified":"2021-11-18T23:38:55","modified_gmt":"2021-11-18T23:38:55","slug":"comida-tipica","status":"publish","type":"page","link":"https:\/\/elretiro.gob.ec\/?page_id=204","title":{"rendered":"Comida T\u00edpica"},"content":{"rendered":"\n<p>La comida t\u00edpica de la Parroquia el Retiro, es b\u00e1sicamente la misma que se consume en la zona, que consiste en la preparaci\u00f3n y consumo de los alimentos que se cultivan y se producen en las fincas, nunca puede faltar el platano, la yuca y aves que son b\u00e1sicas en el alimento diario.<\/p>\n\n\n\n<p class=\"has-text-align-center\"><strong>CALDO DE GALLINA<\/strong><\/p>\n\n\n\n<div class=\"wp-block-image\"><figure class=\"aligncenter size-full\"><img loading=\"lazy\" decoding=\"async\" width=\"285\" height=\"252\" src=\"https:\/\/elretiro.gob.ec\/wp-content\/uploads\/2021\/11\/retiro-46.jpg\" alt=\"\" class=\"wp-image-540\"\/><\/figure><\/div>\n\n\n\n<p class=\"has-text-align-center\"><strong>PESCADO ASADO<\/strong><\/p>\n\n\n\n<div class=\"wp-block-image\"><figure class=\"aligncenter size-full\"><img loading=\"lazy\" decoding=\"async\" width=\"282\" height=\"196\" src=\"https:\/\/elretiro.gob.ec\/wp-content\/uploads\/2021\/11\/retiro-47.jpg\" alt=\"\" class=\"wp-image-541\"\/><\/figure><\/div>\n\n\n\n<p class=\"has-text-align-center\"><strong>SECO DE GALLINA<\/strong><\/p>\n\n\n\n<div class=\"wp-block-image\"><figure class=\"aligncenter size-full\"><img loading=\"lazy\" decoding=\"async\" width=\"280\" height=\"207\" src=\"https:\/\/elretiro.gob.ec\/wp-content\/uploads\/2021\/11\/retiro-48.jpg\" alt=\"\" class=\"wp-image-542\"\/><\/figure><\/div>\n\n\n\n<p class=\"has-text-align-center\"><strong>FRITADA<\/strong><\/p>\n\n\n\n<div class=\"wp-block-image\"><figure class=\"aligncenter size-full\"><img loading=\"lazy\" decoding=\"async\" width=\"282\" height=\"217\" src=\"https:\/\/elretiro.gob.ec\/wp-content\/uploads\/2021\/11\/retiro-49.jpg\" alt=\"\" class=\"wp-image-544\"\/><\/figure><\/div>\n\n\n\n<p><\/p>\n\n\n\n<p><\/p>\n","protected":false},"excerpt":{"rendered":"<p>La comida t\u00edpica de la Parroquia el Retiro, es b\u00e1sicamente la misma que se consume en la zona, que consiste en la preparaci\u00f3n y consumo de los alimentos que se cultivan y se producen en las fincas, nunca puede faltar el platano, la yuca y aves que son b\u00e1sicas en el alimento diario. CALDO DE&hellip;&nbsp;<a href=\"https:\/\/elretiro.gob.ec\/?page_id=204\" class=\"\" rel=\"bookmark\">Leer m\u00e1s &raquo;<span class=\"screen-reader-text\">Comida T\u00edpica<\/span><\/a><\/p>\n","protected":false},"author":1,"featured_media":0,"parent":0,"menu_order":0,"comment_status":"closed","ping_status":"closed","template":"","meta":{"neve_meta_sidebar":"","neve_meta_container":"","neve_meta_enable_content_width":"","neve_meta_content_width":0,"neve_meta_title_alignment":"","neve_meta_author_avatar":"","neve_post_elements_order":"","neve_meta_disable_header":"","neve_meta_disable_footer":"","neve_meta_disable_title":"","footnotes":""},"_links":{"self":[{"href":"https:\/\/elretiro.gob.ec\/index.php?rest_route=\/wp\/v2\/pages\/204"}],"collection":[{"href":"https:\/\/elretiro.gob.ec\/index.php?rest_route=\/wp\/v2\/pages"}],"about":[{"href":"https:\/\/elretiro.gob.ec\/index.php?rest_route=\/wp\/v2\/types\/page"}],"author":[{"embeddable":true,"href":"https:\/\/elretiro.gob.ec\/index.php?rest_route=\/wp\/v2\/users\/1"}],"replies":[{"embeddable":true,"href":"https:\/\/elretiro.gob.ec\/index.php?rest_route=%2Fwp%2Fv2%2Fcomments&post=204"}],"version-history":[{"count":3,"href":"https:\/\/elretiro.gob.ec\/index.php?rest_route=\/wp\/v2\/pages\/204\/revisions"}],"predecessor-version":[{"id":545,"href":"https:\/\/elretiro.gob.ec\/index.php?rest_route=\/wp\/v2\/pages\/204\/revisions\/545"}],"wp:attachment":[{"href":"https:\/\/elretiro.gob.ec\/index.php?rest_route=%2Fwp%2Fv2%2Fmedia&parent=204"}],"curies":[{"name":"wp","href":"https:\/\/api.w.org\/{rel}","templated":true}]}}