{"id":166,"date":"2021-06-11T23:21:27","date_gmt":"2021-06-11T23:21:27","guid":{"rendered":"https:\/\/elretiro.gob.ec\/?page_id=166"},"modified":"2021-11-18T23:20:58","modified_gmt":"2021-11-18T23:20:58","slug":"el-retiro","status":"publish","type":"page","link":"https:\/\/elretiro.gob.ec\/?page_id=166","title":{"rendered":"El Retiro"},"content":{"rendered":"\n<p>La Parroquia El Retiro est\u00e1 ubicada en el cant\u00f3n Machala, al sur de la jurisdicci\u00f3n de la cabecera cantonal del mismo nombre, y de la parroquia el Cambio, Limita al norte con Machala y El Cambio, al sur con el Cant\u00f3n Santa Rosa, al este con las parroquias.<\/p>\n\n\n\n<div class=\"wp-block-image\"><figure class=\"aligncenter size-full\"><img loading=\"lazy\" decoding=\"async\" width=\"616\" height=\"238\" src=\"https:\/\/elretiro.gob.ec\/wp-content\/uploads\/2021\/11\/retiro-16.jpg\" alt=\"\" class=\"wp-image-494\" srcset=\"https:\/\/elretiro.gob.ec\/wp-content\/uploads\/2021\/11\/retiro-16.jpg 616w, https:\/\/elretiro.gob.ec\/wp-content\/uploads\/2021\/11\/retiro-16-300x116.jpg 300w\" sizes=\"(max-width: 616px) 100vw, 616px\" \/><\/figure><\/div>\n\n\n\n<p>El Retiro tiene una superficie de 127 Km2, con una precipitaci\u00f3n media anual de 427 mm se encuentra a 17.5 km de distancia a la ciudad de Machala, seg\u00fan el censo del INEC 2010 cuenta con una poblaci\u00f3n de 4367habitantes, pol\u00edticamente y administrativamente est\u00e1 divido por la cabecera parroquial de nombre el retiro y 11 sitios.<\/p>\n\n\n\n<div class=\"wp-block-image\"><figure class=\"aligncenter size-full\"><img loading=\"lazy\" decoding=\"async\" width=\"616\" height=\"238\" src=\"https:\/\/elretiro.gob.ec\/wp-content\/uploads\/2021\/11\/retiro-17.jpg\" alt=\"\" class=\"wp-image-495\" srcset=\"https:\/\/elretiro.gob.ec\/wp-content\/uploads\/2021\/11\/retiro-17.jpg 616w, https:\/\/elretiro.gob.ec\/wp-content\/uploads\/2021\/11\/retiro-17-300x116.jpg 300w\" sizes=\"(max-width: 616px) 100vw, 616px\" \/><\/figure><\/div>\n\n\n\n<p><strong>L\u00edmites<\/strong><\/p>\n\n\n\n<p><strong>Al Norte<\/strong>: con Machala y El Cambio.<\/p>\n\n\n\n<p><strong>Al Sur<\/strong>: con el Cant\u00f3n Santa Rosa.<\/p>\n\n\n\n<p><strong>Al Este<\/strong>: con las parroquias La Victoria y Buenavista y<\/p>\n\n\n\n<p><strong>Al Oeste<\/strong>: con el archipi\u00e9lago de Jambel\u00ed.<\/p>\n\n\n\n<p><strong>Extensi\u00f3n<\/strong><\/p>\n\n\n\n<p>El Retiro tiene una superficie de 127 Km2, con una precipitaci\u00f3n media anual de 427 mm se encuentra a 17.5 km de distancia a la ciudad de Machala.<\/p>\n\n\n\n<p><strong>Poblaci\u00f3n Total<\/strong><\/p>\n\n\n\n<p>Entre la cabecera parroquial y los sitios de El Retiro hacen una poblaci\u00f3n total de 4367 habitantes, pol\u00edticamente y administrativamente esta divido por la cabecera parroquial de nombre el retiro y 11 sitios.<\/p>\n\n\n\n<div class=\"wp-block-image\"><figure class=\"aligncenter size-full\"><img loading=\"lazy\" decoding=\"async\" width=\"611\" height=\"217\" src=\"https:\/\/elretiro.gob.ec\/wp-content\/uploads\/2021\/11\/retiro-18.jpg\" alt=\"\" class=\"wp-image-496\" srcset=\"https:\/\/elretiro.gob.ec\/wp-content\/uploads\/2021\/11\/retiro-18.jpg 611w, https:\/\/elretiro.gob.ec\/wp-content\/uploads\/2021\/11\/retiro-18-300x107.jpg 300w\" sizes=\"(max-width: 611px) 100vw, 611px\" \/><\/figure><\/div>\n\n\n\n<p>&nbsp;La Delicia, La Rotonda-San Jos\u00e9, Guarumal Uno, Buena Esperanza, El Recreo, San Vicente, San Fernando, San Luis, Km 15, La Mar\u00eda, Y del Enano.<\/p>\n\n\n\n<p><strong>Extensi\u00f3n y l\u00edmites de los recintos.<\/strong><\/p>\n\n\n\n<p>La parroquia El Retiro no tiene delimitaci\u00f3n de sus sitios, estos existen en numero de 11 que se han constituido de manera espont\u00e1nea sin ning\u00fan tipo de planificaci\u00f3n de ordenamiento territorial, los mismo existen desde el a\u00f1o 1956 y est\u00e1n localizados a lo largo y ancho de la cabecera parroquial entre los cantones Machala y Santa Rosa.<\/p>\n\n\n\n<div class=\"wp-block-image\"><figure class=\"aligncenter size-full\"><img loading=\"lazy\" decoding=\"async\" width=\"616\" height=\"202\" src=\"https:\/\/elretiro.gob.ec\/wp-content\/uploads\/2021\/11\/retiro-19.jpg\" alt=\"\" class=\"wp-image-498\" srcset=\"https:\/\/elretiro.gob.ec\/wp-content\/uploads\/2021\/11\/retiro-19.jpg 616w, https:\/\/elretiro.gob.ec\/wp-content\/uploads\/2021\/11\/retiro-19-300x98.jpg 300w\" sizes=\"(max-width: 616px) 100vw, 616px\" \/><\/figure><\/div>\n\n\n\n<p><\/p>\n","protected":false},"excerpt":{"rendered":"<p>La Parroquia El Retiro est\u00e1 ubicada en el cant\u00f3n Machala, al sur de la jurisdicci\u00f3n de la cabecera cantonal del mismo nombre, y de la parroquia el Cambio, Limita al norte con Machala y El Cambio, al sur con el Cant\u00f3n Santa Rosa, al este con las parroquias. El Retiro tiene una superficie de 127&hellip;&nbsp;<a href=\"https:\/\/elretiro.gob.ec\/?page_id=166\" class=\"\" rel=\"bookmark\">Leer m\u00e1s &raquo;<span class=\"screen-reader-text\">El Retiro<\/span><\/a><\/p>\n","protected":false},"author":1,"featured_media":0,"parent":0,"menu_order":0,"comment_status":"closed","ping_status":"closed","template":"","meta":{"neve_meta_sidebar":"","neve_meta_container":"","neve_meta_enable_content_width":"","neve_meta_content_width":0,"neve_meta_title_alignment":"","neve_meta_author_avatar":"","neve_post_elements_order":"","neve_meta_disable_header":"","neve_meta_disable_footer":"","neve_meta_disable_title":"","footnotes":""},"_links":{"self":[{"href":"https:\/\/elretiro.gob.ec\/index.php?rest_route=\/wp\/v2\/pages\/166"}],"collection":[{"href":"https:\/\/elretiro.gob.ec\/index.php?rest_route=\/wp\/v2\/pages"}],"about":[{"href":"https:\/\/elretiro.gob.ec\/index.php?rest_route=\/wp\/v2\/types\/page"}],"author":[{"embeddable":true,"href":"https:\/\/elretiro.gob.ec\/index.php?rest_route=\/wp\/v2\/users\/1"}],"replies":[{"embeddable":true,"href":"https:\/\/elretiro.gob.ec\/index.php?rest_route=%2Fwp%2Fv2%2Fcomments&post=166"}],"version-history":[{"count":3,"href":"https:\/\/elretiro.gob.ec\/index.php?rest_route=\/wp\/v2\/pages\/166\/revisions"}],"predecessor-version":[{"id":499,"href":"https:\/\/elretiro.gob.ec\/index.php?rest_route=\/wp\/v2\/pages\/166\/revisions\/499"}],"wp:attachment":[{"href":"https:\/\/elretiro.gob.ec\/index.php?rest_route=%2Fwp%2Fv2%2Fmedia&parent=166"}],"curies":[{"name":"wp","href":"https:\/\/api.w.org\/{rel}","templated":true}]}}