{"id":164,"date":"2021-06-11T23:21:27","date_gmt":"2021-06-11T23:21:27","guid":{"rendered":"https:\/\/elretiro.gob.ec\/?page_id=164"},"modified":"2023-09-28T22:40:37","modified_gmt":"2023-09-28T22:40:37","slug":"mensaje-presidente","status":"publish","type":"page","link":"https:\/\/elretiro.gob.ec\/?page_id=164","title":{"rendered":"Mensaje presidente"},"content":{"rendered":"<div class=\"wp-block-image\">\n<figure class=\"aligncenter size-full is-resized\"><img loading=\"lazy\" decoding=\"async\" src=\"https:\/\/elretiro.gob.ec\/wp-content\/uploads\/2023\/09\/Sr.-Vinicio-Torres-Presidente-del-Gad-Retiro-768x845-1.jpg\" alt=\"\" class=\"wp-image-886\" style=\"width:356px;height:392px\" width=\"356\" height=\"392\" srcset=\"https:\/\/elretiro.gob.ec\/wp-content\/uploads\/2023\/09\/Sr.-Vinicio-Torres-Presidente-del-Gad-Retiro-768x845-1.jpg 768w, https:\/\/elretiro.gob.ec\/wp-content\/uploads\/2023\/09\/Sr.-Vinicio-Torres-Presidente-del-Gad-Retiro-768x845-1-273x300.jpg 273w\" sizes=\"(max-width: 356px) 100vw, 356px\" \/><\/figure><\/div>\n\n\n<p>El Gobierno Parroquial de <strong>El Retiro<\/strong> ante la problem\u00e1tica que atraviesa nuestra parroquia en cuanto a su desarrollo local, hemos decidido afrontar un reto que es la formulaci\u00f3n de nuestra P\u00e1gina Web <strong>www.elretiro.gob.ec<\/strong> proceso que ha sido una tarea din\u00e1mica, participativa y de compromiso parroquial. Este portal servir\u00e1 de gu\u00eda para orientar la inversi\u00f3n y mejor distribuci\u00f3n de los recursos del estado, con una visi\u00f3n estrat\u00e9gica integral, hacia la inversi\u00f3n productiva, social, protecci\u00f3n y conservaci\u00f3n de los recursos naturales.\u00a0<\/p>\n\n\n\n<p>El reto est\u00e1 ahora en la implementaci\u00f3n de las propuestas mediante nuestro Sitio Web, y lograr despertar nuevamente la confianza en la gente de <strong>El Retiro<\/strong> y juntos canalizar las obras que necesita nuestra parroquia como garant\u00eda del derecho al buen vivir.&nbsp;&nbsp;&nbsp;<\/p>\n\n\n\n<p>Agradezco el compromiso asumido por todos los miembros del Gobierno Parroquial y la ciudadan\u00eda, que se integraron con voluntad y confianza para construir el presente y futuro de nuestra parroquia.&nbsp;&nbsp;<\/p>\n\n\n\n<p class=\"has-text-align-center has-nv-dark-bg-color has-pale-ocean-gradient-background has-text-color has-background\"><strong>SR. VINICIO TORRES<\/strong><\/p>\n\n\n\n<p class=\"has-text-align-center has-pale-ocean-gradient-background has-background\"><strong>PRESIDENTE GAD PARROQUIAL \u201cEL RETIRO\u201d.<\/strong><\/p>\n","protected":false},"excerpt":{"rendered":"<p>El Gobierno Parroquial de El Retiro ante la problem\u00e1tica que atraviesa nuestra parroquia en cuanto a su desarrollo local, hemos decidido afrontar un reto que es la formulaci\u00f3n de nuestra P\u00e1gina Web www.elretiro.gob.ec proceso que ha sido una tarea din\u00e1mica, participativa y de compromiso parroquial. Este portal servir\u00e1 de gu\u00eda para orientar la inversi\u00f3n y&hellip;&nbsp;<a href=\"https:\/\/elretiro.gob.ec\/?page_id=164\" class=\"\" rel=\"bookmark\">Leer m\u00e1s &raquo;<span class=\"screen-reader-text\">Mensaje presidente<\/span><\/a><\/p>\n","protected":false},"author":1,"featured_media":0,"parent":0,"menu_order":0,"comment_status":"closed","ping_status":"closed","template":"","meta":{"neve_meta_sidebar":"","neve_meta_container":"","neve_meta_enable_content_width":"","neve_meta_content_width":0,"neve_meta_title_alignment":"","neve_meta_author_avatar":"","neve_post_elements_order":"","neve_meta_disable_header":"","neve_meta_disable_footer":"","neve_meta_disable_title":"","footnotes":""},"_links":{"self":[{"href":"https:\/\/elretiro.gob.ec\/index.php?rest_route=\/wp\/v2\/pages\/164"}],"collection":[{"href":"https:\/\/elretiro.gob.ec\/index.php?rest_route=\/wp\/v2\/pages"}],"about":[{"href":"https:\/\/elretiro.gob.ec\/index.php?rest_route=\/wp\/v2\/types\/page"}],"author":[{"embeddable":true,"href":"https:\/\/elretiro.gob.ec\/index.php?rest_route=\/wp\/v2\/users\/1"}],"replies":[{"embeddable":true,"href":"https:\/\/elretiro.gob.ec\/index.php?rest_route=%2Fwp%2Fv2%2Fcomments&post=164"}],"version-history":[{"count":4,"href":"https:\/\/elretiro.gob.ec\/index.php?rest_route=\/wp\/v2\/pages\/164\/revisions"}],"predecessor-version":[{"id":888,"href":"https:\/\/elretiro.gob.ec\/index.php?rest_route=\/wp\/v2\/pages\/164\/revisions\/888"}],"wp:attachment":[{"href":"https:\/\/elretiro.gob.ec\/index.php?rest_route=%2Fwp%2Fv2%2Fmedia&parent=164"}],"curies":[{"name":"wp","href":"https:\/\/api.w.org\/{rel}","templated":true}]}}