{"id":161,"date":"2021-06-11T23:21:27","date_gmt":"2021-06-11T23:21:27","guid":{"rendered":"https:\/\/elretiro.gob.ec\/?page_id=161"},"modified":"2021-11-18T23:13:14","modified_gmt":"2021-11-18T23:13:14","slug":"objetivos","status":"publish","type":"page","link":"https:\/\/elretiro.gob.ec\/?page_id=161","title":{"rendered":"Objetivos"},"content":{"rendered":"\n<p>Gestionar y administrar sustentablemente nuestro territorio, los ecosistemas y la biodiversidad, mediante la recuperaci\u00f3n y pr\u00e1ctica de los conocimientos y la convivencia entre todos lo parroquianos.<\/p>\n\n\n\n<p>La recuperaci\u00f3n y protecci\u00f3n del Territorios sin contaminaci\u00f3n para alcanzar La vida plena en armon\u00eda.<\/p>\n\n\n\n<p>Generar programas alternativos de desarrollo social y producci\u00f3n sostenible para el mejoramiento de condiciones de vida de todas las familias del El Retiro, mediante iniciativas y programas sostenibles y simb\u00f3licos que fortalezcan a su gente.<\/p>\n\n\n\n<p>Consolidar una estructura administrativa del Gobierno Aut\u00f3nomo Descentralizado Parroquial, con una administraci\u00f3n planificada de los recursos y espacios del territorio de forma planificad y coordinada entre la Parroquia, El Cant\u00f3n y la provincia.<\/p>\n\n\n\n<div class=\"wp-block-image\"><figure class=\"aligncenter size-full\"><img loading=\"lazy\" decoding=\"async\" width=\"616\" height=\"247\" src=\"https:\/\/elretiro.gob.ec\/wp-content\/uploads\/2021\/11\/retiro-1.jpg\" alt=\"\" class=\"wp-image-474\" srcset=\"https:\/\/elretiro.gob.ec\/wp-content\/uploads\/2021\/11\/retiro-1.jpg 616w, https:\/\/elretiro.gob.ec\/wp-content\/uploads\/2021\/11\/retiro-1-300x120.jpg 300w\" sizes=\"(max-width: 616px) 100vw, 616px\" \/><\/figure><\/div>\n\n\n\n<p><\/p>\n","protected":false},"excerpt":{"rendered":"<p>Gestionar y administrar sustentablemente nuestro territorio, los ecosistemas y la biodiversidad, mediante la recuperaci\u00f3n y pr\u00e1ctica de los conocimientos y la convivencia entre todos lo parroquianos. La recuperaci\u00f3n y protecci\u00f3n del Territorios sin contaminaci\u00f3n para alcanzar La vida plena en armon\u00eda. Generar programas alternativos de desarrollo social y producci\u00f3n sostenible para el mejoramiento de condiciones&hellip;&nbsp;<a href=\"https:\/\/elretiro.gob.ec\/?page_id=161\" class=\"\" rel=\"bookmark\">Leer m\u00e1s &raquo;<span class=\"screen-reader-text\">Objetivos<\/span><\/a><\/p>\n","protected":false},"author":1,"featured_media":0,"parent":0,"menu_order":0,"comment_status":"closed","ping_status":"closed","template":"","meta":{"neve_meta_sidebar":"","neve_meta_container":"","neve_meta_enable_content_width":"","neve_meta_content_width":0,"neve_meta_title_alignment":"","neve_meta_author_avatar":"","neve_post_elements_order":"","neve_meta_disable_header":"","neve_meta_disable_footer":"","neve_meta_disable_title":"","footnotes":""},"_links":{"self":[{"href":"https:\/\/elretiro.gob.ec\/index.php?rest_route=\/wp\/v2\/pages\/161"}],"collection":[{"href":"https:\/\/elretiro.gob.ec\/index.php?rest_route=\/wp\/v2\/pages"}],"about":[{"href":"https:\/\/elretiro.gob.ec\/index.php?rest_route=\/wp\/v2\/types\/page"}],"author":[{"embeddable":true,"href":"https:\/\/elretiro.gob.ec\/index.php?rest_route=\/wp\/v2\/users\/1"}],"replies":[{"embeddable":true,"href":"https:\/\/elretiro.gob.ec\/index.php?rest_route=%2Fwp%2Fv2%2Fcomments&post=161"}],"version-history":[{"count":3,"href":"https:\/\/elretiro.gob.ec\/index.php?rest_route=\/wp\/v2\/pages\/161\/revisions"}],"predecessor-version":[{"id":475,"href":"https:\/\/elretiro.gob.ec\/index.php?rest_route=\/wp\/v2\/pages\/161\/revisions\/475"}],"wp:attachment":[{"href":"https:\/\/elretiro.gob.ec\/index.php?rest_route=%2Fwp%2Fv2%2Fmedia&parent=161"}],"curies":[{"name":"wp","href":"https:\/\/api.w.org\/{rel}","templated":true}]}}