{"id":160,"date":"2021-06-11T23:21:27","date_gmt":"2021-06-11T23:21:27","guid":{"rendered":"https:\/\/elretiro.gob.ec\/?page_id=160"},"modified":"2021-11-18T23:12:38","modified_gmt":"2021-11-18T23:12:38","slug":"mision","status":"publish","type":"page","link":"https:\/\/elretiro.gob.ec\/?page_id=160","title":{"rendered":"Misi\u00f3n"},"content":{"rendered":"\n<p>Nuestro sue\u00f1o consiste, en primer lugar, en mantener una tierra f\u00e9rtil conservada, sin destrucci\u00f3n o contaminaci\u00f3n, un territorio asegurado para las futuras generaciones, donde el ecosistema se conserve arm\u00f3nicamente junto al hombre. Adem\u00e1s, administrar y gestionar el territorio con un sistema aut\u00f3nomo y duradero que preserve la riqueza de los recursos naturales, socio culturales.<\/p>\n","protected":false},"excerpt":{"rendered":"<p>Nuestro sue\u00f1o consiste, en primer lugar, en mantener una tierra f\u00e9rtil conservada, sin destrucci\u00f3n o contaminaci\u00f3n, un territorio asegurado para las futuras generaciones, donde el ecosistema se conserve arm\u00f3nicamente junto al hombre. Adem\u00e1s, administrar y gestionar el territorio con un sistema aut\u00f3nomo y duradero que preserve la riqueza de los recursos naturales, socio culturales.<\/p>\n","protected":false},"author":1,"featured_media":0,"parent":0,"menu_order":0,"comment_status":"closed","ping_status":"closed","template":"","meta":{"neve_meta_sidebar":"","neve_meta_container":"","neve_meta_enable_content_width":"","neve_meta_content_width":0,"neve_meta_title_alignment":"","neve_meta_author_avatar":"","neve_post_elements_order":"","neve_meta_disable_header":"","neve_meta_disable_footer":"","neve_meta_disable_title":"","footnotes":""},"_links":{"self":[{"href":"https:\/\/elretiro.gob.ec\/index.php?rest_route=\/wp\/v2\/pages\/160"}],"collection":[{"href":"https:\/\/elretiro.gob.ec\/index.php?rest_route=\/wp\/v2\/pages"}],"about":[{"href":"https:\/\/elretiro.gob.ec\/index.php?rest_route=\/wp\/v2\/types\/page"}],"author":[{"embeddable":true,"href":"https:\/\/elretiro.gob.ec\/index.php?rest_route=\/wp\/v2\/users\/1"}],"replies":[{"embeddable":true,"href":"https:\/\/elretiro.gob.ec\/index.php?rest_route=%2Fwp%2Fv2%2Fcomments&post=160"}],"version-history":[{"count":3,"href":"https:\/\/elretiro.gob.ec\/index.php?rest_route=\/wp\/v2\/pages\/160\/revisions"}],"predecessor-version":[{"id":473,"href":"https:\/\/elretiro.gob.ec\/index.php?rest_route=\/wp\/v2\/pages\/160\/revisions\/473"}],"wp:attachment":[{"href":"https:\/\/elretiro.gob.ec\/index.php?rest_route=%2Fwp%2Fv2%2Fmedia&parent=160"}],"curies":[{"name":"wp","href":"https:\/\/api.w.org\/{rel}","templated":true}]}}