{"id":159,"date":"2021-06-11T23:21:27","date_gmt":"2021-06-11T23:21:27","guid":{"rendered":"https:\/\/elretiro.gob.ec\/?page_id=159"},"modified":"2023-08-23T00:19:11","modified_gmt":"2023-08-23T00:19:11","slug":"vision","status":"publish","type":"page","link":"https:\/\/elretiro.gob.ec\/?page_id=159","title":{"rendered":"Visi\u00f3n"},"content":{"rendered":"\n<p>La parroquia El Retiro en el 2025 es un territorio cuyo modelo de gesti\u00f3n conserva\u00a0\u00a0\u00a0\u00a0 el medio ambiente natural, equidad social, democracia, y sostenibilidad del desarrollo local es una Parroquia que maneja sus recursos naturales de manera sostenible, realizando actividades econ\u00f3micas productivas amigables con el ambiente, con un eficiente sistema de transporte, servicios p\u00fablicos y sociales de calidad y con la participaci\u00f3n ciudadana velando por la equidad e inclusi\u00f3n de sus habitantes, respetando su diversidad de pueblos y nacionalidades mediante la inversi\u00f3n planificada de la administraci\u00f3n local, cantonal, provincial y nacional.<\/p>\n","protected":false},"excerpt":{"rendered":"<p>La parroquia El Retiro en el 2025 es un territorio cuyo modelo de gesti\u00f3n conserva\u00a0\u00a0\u00a0\u00a0 el medio ambiente natural, equidad social, democracia, y sostenibilidad del desarrollo local es una Parroquia que maneja sus recursos naturales de manera sostenible, realizando actividades econ\u00f3micas productivas amigables con el ambiente, con un eficiente sistema de transporte, servicios p\u00fablicos y&hellip;&nbsp;<a href=\"https:\/\/elretiro.gob.ec\/?page_id=159\" class=\"\" rel=\"bookmark\">Leer m\u00e1s &raquo;<span class=\"screen-reader-text\">Visi\u00f3n<\/span><\/a><\/p>\n","protected":false},"author":1,"featured_media":0,"parent":0,"menu_order":0,"comment_status":"closed","ping_status":"closed","template":"","meta":{"neve_meta_sidebar":"","neve_meta_container":"","neve_meta_enable_content_width":"","neve_meta_content_width":0,"neve_meta_title_alignment":"","neve_meta_author_avatar":"","neve_post_elements_order":"","neve_meta_disable_header":"","neve_meta_disable_footer":"","neve_meta_disable_title":"","footnotes":""},"_links":{"self":[{"href":"https:\/\/elretiro.gob.ec\/index.php?rest_route=\/wp\/v2\/pages\/159"}],"collection":[{"href":"https:\/\/elretiro.gob.ec\/index.php?rest_route=\/wp\/v2\/pages"}],"about":[{"href":"https:\/\/elretiro.gob.ec\/index.php?rest_route=\/wp\/v2\/types\/page"}],"author":[{"embeddable":true,"href":"https:\/\/elretiro.gob.ec\/index.php?rest_route=\/wp\/v2\/users\/1"}],"replies":[{"embeddable":true,"href":"https:\/\/elretiro.gob.ec\/index.php?rest_route=%2Fwp%2Fv2%2Fcomments&post=159"}],"version-history":[{"count":3,"href":"https:\/\/elretiro.gob.ec\/index.php?rest_route=\/wp\/v2\/pages\/159\/revisions"}],"predecessor-version":[{"id":472,"href":"https:\/\/elretiro.gob.ec\/index.php?rest_route=\/wp\/v2\/pages\/159\/revisions\/472"}],"wp:attachment":[{"href":"https:\/\/elretiro.gob.ec\/index.php?rest_route=%2Fwp%2Fv2%2Fmedia&parent=159"}],"curies":[{"name":"wp","href":"https:\/\/api.w.org\/{rel}","templated":true}]}}