{"id":1318,"date":"2026-04-14T14:29:11","date_gmt":"2026-04-14T14:29:11","guid":{"rendered":"https:\/\/elretiro.gob.ec\/?page_id=1318"},"modified":"2026-04-14T14:56:38","modified_gmt":"2026-04-14T14:56:38","slug":"lotaip-2026","status":"publish","type":"page","link":"https:\/\/elretiro.gob.ec\/?page_id=1318","title":{"rendered":"LOTAIP 2026"},"content":{"rendered":"\t\t<div data-elementor-type=\"wp-page\" data-elementor-id=\"1318\" class=\"elementor elementor-1318\" data-elementor-settings=\"[]\">\n\t\t\t\t\t\t\t<div class=\"elementor-section-wrap\">\n\t\t\t\t\t\t\t<section class=\"elementor-section elementor-top-section elementor-element elementor-element-5f92f03 elementor-section-boxed elementor-section-height-default elementor-section-height-default\" data-id=\"5f92f03\" data-element_type=\"section\">\n\t\t\t\t\t\t<div class=\"elementor-container elementor-column-gap-default\">\n\t\t\t\t\t<div class=\"elementor-column elementor-col-100 elementor-top-column elementor-element elementor-element-84bc100\" data-id=\"84bc100\" data-element_type=\"column\">\n\t\t\t<div class=\"elementor-widget-wrap elementor-element-populated\">\n\t\t\t\t\t\t\t\t<div class=\"elementor-element elementor-element-63947d7 elementor-widget elementor-widget-spacer\" data-id=\"63947d7\" data-element_type=\"widget\" data-widget_type=\"spacer.default\">\n\t\t\t\t<div class=\"elementor-widget-container\">\n\t\t\t\t\t<div class=\"elementor-spacer\">\n\t\t\t<div class=\"elementor-spacer-inner\"><\/div>\n\t\t<\/div>\n\t\t\t\t<\/div>\n\t\t\t\t<\/div>\n\t\t\t\t<div class=\"elementor-element elementor-element-a63d272 elementor-widget elementor-widget-heading\" data-id=\"a63d272\" data-element_type=\"widget\" data-widget_type=\"heading.default\">\n\t\t\t\t<div class=\"elementor-widget-container\">\n\t\t\t<h2 class=\"elementor-heading-title elementor-size-default\">LOTAIP 2026<\/h2>\t\t<\/div>\n\t\t\t\t<\/div>\n\t\t\t\t<div class=\"elementor-element elementor-element-1c72cc8 elementor-widget elementor-widget-text-editor\" data-id=\"1c72cc8\" data-element_type=\"widget\" data-widget_type=\"text-editor.default\">\n\t\t\t\t<div class=\"elementor-widget-container\">\n\t\t\t\t\t\t\t\t<p>La Ley Org\u00e1nica de Transparencia y Acceso a la Informaci\u00f3n P\u00fablica (LOTAIP) plantea la participaci\u00f3n ciudadana y el derecho de acceso a la informaci\u00f3n relacionada con asuntos p\u00fablicos, para ejercer un efectivo control y exigir<br \/>la rendici\u00f3n de cuentas a las instituciones gubernamentales o aquellas que perciben recursos estatales.<\/p><p><!-- \/wp:paragraph --><!-- wp:paragraph --><\/p><p>Art. 7.- Difusi\u00f3n de la Informaci\u00f3n P\u00fablica.- Por la transparencia en la gesti\u00f3n administrativa que est\u00e1n obligadas a observar todas las instituciones del Estado que conforman el sector p\u00fablico en los t\u00e9rminos del art\u00edculo 225 de la Constituci\u00f3n de la Rep\u00fablica y dem\u00e1s entes se\u00f1alados en el art\u00edculo 1 de la presente Ley, difundir\u00e1n a trav\u00e9s de un portal de informaci\u00f3n o p\u00e1gina web, as\u00ed como de los medios necesarios a disposici\u00f3n del p\u00fablico, implementados en la misma instituci\u00f3n, la siguiente informaci\u00f3n m\u00ednima actualizada, que para efectos de esta Ley, se la considera de naturaleza obligatoria<\/p><p><!-- \/wp:paragraph --><!-- wp:paragraph --><\/p><p>Para acceder a la informaci\u00f3n del a\u00f1o en curso, por favor dar click en el mes correspondiente<\/p>\t\t\t\t\t\t<\/div>\n\t\t\t\t<\/div>\n\t\t\t\t<div class=\"elementor-element elementor-element-0fb6e7d elementor-widget elementor-widget-accordion\" data-id=\"0fb6e7d\" data-element_type=\"widget\" data-widget_type=\"accordion.default\">\n\t\t\t\t<div class=\"elementor-widget-container\">\n\t\t\t\t\t<div class=\"elementor-accordion\" role=\"tablist\">\n\t\t\t\t\t\t\t<div class=\"elementor-accordion-item\">\n\t\t\t\t\t<h5 id=\"elementor-tab-title-1641\" class=\"elementor-tab-title\" data-tab=\"1\" role=\"tab\" aria-controls=\"elementor-tab-content-1641\" aria-expanded=\"false\">\n\t\t\t\t\t\t\t\t\t\t\t\t\t<span class=\"elementor-accordion-icon elementor-accordion-icon-left\" aria-hidden=\"true\">\n\t\t\t\t\t\t\t\t\t\t\t\t\t\t\t<span class=\"elementor-accordion-icon-closed\"><i class=\"fas fa-plus\"><\/i><\/span>\n\t\t\t\t\t\t\t\t<span class=\"elementor-accordion-icon-opened\"><i class=\"fas fa-minus\"><\/i><\/span>\n\t\t\t\t\t\t\t\t\t\t\t\t\t\t<\/span>\n\t\t\t\t\t\t\t\t\t\t\t\t<a class=\"elementor-accordion-title\" href=\"\">Enero<\/a>\n\t\t\t\t\t<\/h5>\n\t\t\t\t\t<div id=\"elementor-tab-content-1641\" class=\"elementor-tab-content elementor-clearfix\" data-tab=\"1\" role=\"tabpanel\" aria-labelledby=\"elementor-tab-title-1641\"><table border=\"1\" cellspacing=\"0\" cellpadding=\"0\"><tbody><tr><td width=\"230\"><p><strong>Transparencia activa<\/strong><\/p><\/td><td width=\"206\"><p><strong>Descargar documento<\/strong><\/p><\/td><td width=\"187\"><p><strong>Enlace de Defensor\u00eda<\/strong><\/p><\/td><\/tr><tr><td><p><strong>Transparencia pasiva<\/strong><\/p><\/td><td><p><strong>Descargar documento<\/strong><\/p><\/td><td><p><strong>Enlace de Defensor\u00eda<\/strong><\/p><\/td><\/tr><tr><td><p><strong>Transparencia colaborativa<\/strong><\/p><\/td><td><p><strong>Descargar documento<\/strong><\/p><\/td><td><p><strong>Enlace de Defensor\u00eda<\/strong><\/p><\/td><\/tr><tr><td><p><strong>Transparencia focalizada<\/strong><\/p><\/td><td><p><strong>Descargar documento<\/strong><\/p><\/td><td><p><strong>Enlace de Defensor\u00eda<\/strong><\/p><\/td><\/tr><\/tbody><\/table><\/div>\n\t\t\t\t<\/div>\n\t\t\t\t\t\t\t<div class=\"elementor-accordion-item\">\n\t\t\t\t\t<h5 id=\"elementor-tab-title-1642\" class=\"elementor-tab-title\" data-tab=\"2\" role=\"tab\" aria-controls=\"elementor-tab-content-1642\" aria-expanded=\"false\">\n\t\t\t\t\t\t\t\t\t\t\t\t\t<span class=\"elementor-accordion-icon elementor-accordion-icon-left\" aria-hidden=\"true\">\n\t\t\t\t\t\t\t\t\t\t\t\t\t\t\t<span class=\"elementor-accordion-icon-closed\"><i class=\"fas fa-plus\"><\/i><\/span>\n\t\t\t\t\t\t\t\t<span class=\"elementor-accordion-icon-opened\"><i class=\"fas fa-minus\"><\/i><\/span>\n\t\t\t\t\t\t\t\t\t\t\t\t\t\t<\/span>\n\t\t\t\t\t\t\t\t\t\t\t\t<a class=\"elementor-accordion-title\" href=\"\">Febrero<\/a>\n\t\t\t\t\t<\/h5>\n\t\t\t\t\t<div id=\"elementor-tab-content-1642\" class=\"elementor-tab-content elementor-clearfix\" data-tab=\"2\" role=\"tabpanel\" aria-labelledby=\"elementor-tab-title-1642\"><table border=\"1\" cellspacing=\"0\" cellpadding=\"0\"><tbody><tr><td width=\"230\"><p><strong>Transparencia activa<\/strong><\/p><\/td><td width=\"206\"><p><strong>Descargar documento<\/strong><\/p><\/td><td width=\"187\"><p><strong>Enlace de Defensor\u00eda<\/strong><\/p><\/td><\/tr><tr><td><p><strong>Transparencia pasiva<\/strong><\/p><\/td><td><p><strong>Descargar documento<\/strong><\/p><\/td><td><p><strong>Enlace de Defensor\u00eda<\/strong><\/p><\/td><\/tr><tr><td><p><strong>Transparencia colaborativa<\/strong><\/p><\/td><td><p><strong>Descargar documento<\/strong><\/p><\/td><td><p><strong>Enlace de Defensor\u00eda<\/strong><\/p><\/td><\/tr><tr><td><p><strong>Transparencia focalizada<\/strong><\/p><\/td><td><p><strong>Descargar documento<\/strong><\/p><\/td><td><p><strong>Enlace de Defensor\u00eda<\/strong><\/p><\/td><\/tr><\/tbody><\/table><\/div>\n\t\t\t\t<\/div>\n\t\t\t\t\t\t\t<div class=\"elementor-accordion-item\">\n\t\t\t\t\t<h5 id=\"elementor-tab-title-1643\" class=\"elementor-tab-title\" data-tab=\"3\" role=\"tab\" aria-controls=\"elementor-tab-content-1643\" aria-expanded=\"false\">\n\t\t\t\t\t\t\t\t\t\t\t\t\t<span class=\"elementor-accordion-icon elementor-accordion-icon-left\" aria-hidden=\"true\">\n\t\t\t\t\t\t\t\t\t\t\t\t\t\t\t<span class=\"elementor-accordion-icon-closed\"><i class=\"fas fa-plus\"><\/i><\/span>\n\t\t\t\t\t\t\t\t<span class=\"elementor-accordion-icon-opened\"><i class=\"fas fa-minus\"><\/i><\/span>\n\t\t\t\t\t\t\t\t\t\t\t\t\t\t<\/span>\n\t\t\t\t\t\t\t\t\t\t\t\t<a class=\"elementor-accordion-title\" href=\"\">Marzo<\/a>\n\t\t\t\t\t<\/h5>\n\t\t\t\t\t<div id=\"elementor-tab-content-1643\" class=\"elementor-tab-content elementor-clearfix\" data-tab=\"3\" role=\"tabpanel\" aria-labelledby=\"elementor-tab-title-1643\"><table border=\"1\" cellspacing=\"0\" cellpadding=\"0\"><tbody><tr><td width=\"230\"><p><strong>Transparencia activa<\/strong><\/p><\/td><td width=\"206\"><p><strong>Descargar documento<\/strong><\/p><\/td><td width=\"187\"><p><strong>Enlace de Defensor\u00eda<\/strong><\/p><\/td><\/tr><tr><td><p><strong>Transparencia pasiva<\/strong><\/p><\/td><td><p><strong>Descargar documento<\/strong><\/p><\/td><td><p><strong>Enlace de Defensor\u00eda<\/strong><\/p><\/td><\/tr><tr><td><p><strong>Transparencia colaborativa<\/strong><\/p><\/td><td><p><strong>Descargar documento<\/strong><\/p><\/td><td><p><strong>Enlace de Defensor\u00eda<\/strong><\/p><\/td><\/tr><tr><td><p><strong>Transparencia focalizada<\/strong><\/p><\/td><td><p><strong>Descargar documento<\/strong><\/p><\/td><td><p><strong>Enlace de Defensor\u00eda<\/strong><\/p><\/td><\/tr><\/tbody><\/table><\/div>\n\t\t\t\t<\/div>\n\t\t\t\t\t\t\t<div class=\"elementor-accordion-item\">\n\t\t\t\t\t<h5 id=\"elementor-tab-title-1644\" class=\"elementor-tab-title\" data-tab=\"4\" role=\"tab\" aria-controls=\"elementor-tab-content-1644\" aria-expanded=\"false\">\n\t\t\t\t\t\t\t\t\t\t\t\t\t<span class=\"elementor-accordion-icon elementor-accordion-icon-left\" aria-hidden=\"true\">\n\t\t\t\t\t\t\t\t\t\t\t\t\t\t\t<span class=\"elementor-accordion-icon-closed\"><i class=\"fas fa-plus\"><\/i><\/span>\n\t\t\t\t\t\t\t\t<span class=\"elementor-accordion-icon-opened\"><i class=\"fas fa-minus\"><\/i><\/span>\n\t\t\t\t\t\t\t\t\t\t\t\t\t\t<\/span>\n\t\t\t\t\t\t\t\t\t\t\t\t<a class=\"elementor-accordion-title\" href=\"\">Abril<\/a>\n\t\t\t\t\t<\/h5>\n\t\t\t\t\t<div id=\"elementor-tab-content-1644\" class=\"elementor-tab-content elementor-clearfix\" data-tab=\"4\" role=\"tabpanel\" aria-labelledby=\"elementor-tab-title-1644\"><table border=\"1\" cellspacing=\"0\" cellpadding=\"0\"><tbody><tr><td width=\"230\"><p><strong>Transparencia activa<\/strong><\/p><\/td><td width=\"206\"><p><strong>Descargar documento<\/strong><\/p><\/td><td width=\"187\"><p><strong>Enlace de Defensor\u00eda<\/strong><\/p><\/td><\/tr><tr><td><p><strong>Transparencia pasiva<\/strong><\/p><\/td><td><p><strong>Descargar documento<\/strong><\/p><\/td><td><p><strong>Enlace de Defensor\u00eda<\/strong><\/p><\/td><\/tr><tr><td><p><strong>Transparencia colaborativa<\/strong><\/p><\/td><td><p><strong>Descargar documento<\/strong><\/p><\/td><td><p><strong>Enlace de Defensor\u00eda<\/strong><\/p><\/td><\/tr><tr><td><p><strong>Transparencia focalizada<\/strong><\/p><\/td><td><p><strong>Descargar documento<\/strong><\/p><\/td><td><p><strong>Enlace de Defensor\u00eda<\/strong><\/p><\/td><\/tr><\/tbody><\/table><\/div>\n\t\t\t\t<\/div>\n\t\t\t\t\t\t\t<div class=\"elementor-accordion-item\">\n\t\t\t\t\t<h5 id=\"elementor-tab-title-1645\" class=\"elementor-tab-title\" data-tab=\"5\" role=\"tab\" aria-controls=\"elementor-tab-content-1645\" aria-expanded=\"false\">\n\t\t\t\t\t\t\t\t\t\t\t\t\t<span class=\"elementor-accordion-icon elementor-accordion-icon-left\" aria-hidden=\"true\">\n\t\t\t\t\t\t\t\t\t\t\t\t\t\t\t<span class=\"elementor-accordion-icon-closed\"><i class=\"fas fa-plus\"><\/i><\/span>\n\t\t\t\t\t\t\t\t<span class=\"elementor-accordion-icon-opened\"><i class=\"fas fa-minus\"><\/i><\/span>\n\t\t\t\t\t\t\t\t\t\t\t\t\t\t<\/span>\n\t\t\t\t\t\t\t\t\t\t\t\t<a class=\"elementor-accordion-title\" href=\"\">Mayo<\/a>\n\t\t\t\t\t<\/h5>\n\t\t\t\t\t<div id=\"elementor-tab-content-1645\" class=\"elementor-tab-content elementor-clearfix\" data-tab=\"5\" role=\"tabpanel\" aria-labelledby=\"elementor-tab-title-1645\"><table border=\"1\" cellspacing=\"0\" cellpadding=\"0\"><tbody><tr><td width=\"230\"><p><strong>Transparencia activa<\/strong><\/p><\/td><td width=\"206\"><p><strong>Descargar documento<\/strong><\/p><\/td><td width=\"187\"><p><strong>Enlace de Defensor\u00eda<\/strong><\/p><\/td><\/tr><tr><td><p><strong>Transparencia pasiva<\/strong><\/p><\/td><td><p><strong>Descargar documento<\/strong><\/p><\/td><td><p><strong>Enlace de Defensor\u00eda<\/strong><\/p><\/td><\/tr><tr><td><p><strong>Transparencia colaborativa<\/strong><\/p><\/td><td><p><strong>Descargar documento<\/strong><\/p><\/td><td><p><strong>Enlace de Defensor\u00eda<\/strong><\/p><\/td><\/tr><tr><td><p><strong>Transparencia focalizada<\/strong><\/p><\/td><td><p><strong>Descargar documento<\/strong><\/p><\/td><td><p><strong>Enlace de Defensor\u00eda<\/strong><\/p><\/td><\/tr><\/tbody><\/table><\/div>\n\t\t\t\t<\/div>\n\t\t\t\t\t\t\t<div class=\"elementor-accordion-item\">\n\t\t\t\t\t<h5 id=\"elementor-tab-title-1646\" class=\"elementor-tab-title\" data-tab=\"6\" role=\"tab\" aria-controls=\"elementor-tab-content-1646\" aria-expanded=\"false\">\n\t\t\t\t\t\t\t\t\t\t\t\t\t<span class=\"elementor-accordion-icon elementor-accordion-icon-left\" aria-hidden=\"true\">\n\t\t\t\t\t\t\t\t\t\t\t\t\t\t\t<span class=\"elementor-accordion-icon-closed\"><i class=\"fas fa-plus\"><\/i><\/span>\n\t\t\t\t\t\t\t\t<span class=\"elementor-accordion-icon-opened\"><i class=\"fas fa-minus\"><\/i><\/span>\n\t\t\t\t\t\t\t\t\t\t\t\t\t\t<\/span>\n\t\t\t\t\t\t\t\t\t\t\t\t<a class=\"elementor-accordion-title\" href=\"\">Junio<\/a>\n\t\t\t\t\t<\/h5>\n\t\t\t\t\t<div id=\"elementor-tab-content-1646\" class=\"elementor-tab-content elementor-clearfix\" data-tab=\"6\" role=\"tabpanel\" aria-labelledby=\"elementor-tab-title-1646\"><table border=\"1\" cellspacing=\"0\" cellpadding=\"0\"><tbody><tr><td width=\"230\"><p><strong>Transparencia activa<\/strong><\/p><\/td><td width=\"206\"><p><strong>Descargar documento<\/strong><\/p><\/td><td width=\"187\"><p><strong>Enlace de Defensor\u00eda<\/strong><\/p><\/td><\/tr><tr><td><p><strong>Transparencia pasiva<\/strong><\/p><\/td><td><p><strong>Descargar documento<\/strong><\/p><\/td><td><p><strong>Enlace de Defensor\u00eda<\/strong><\/p><\/td><\/tr><tr><td><p><strong>Transparencia colaborativa<\/strong><\/p><\/td><td><p><strong>Descargar documento<\/strong><\/p><\/td><td><p><strong>Enlace de Defensor\u00eda<\/strong><\/p><\/td><\/tr><tr><td><p><strong>Transparencia focalizada<\/strong><\/p><\/td><td><p><strong>Descargar documento<\/strong><\/p><\/td><td><p><strong>Enlace de Defensor\u00eda<\/strong><\/p><\/td><\/tr><\/tbody><\/table><\/div>\n\t\t\t\t<\/div>\n\t\t\t\t\t\t\t<div class=\"elementor-accordion-item\">\n\t\t\t\t\t<h5 id=\"elementor-tab-title-1647\" class=\"elementor-tab-title\" data-tab=\"7\" role=\"tab\" aria-controls=\"elementor-tab-content-1647\" aria-expanded=\"false\">\n\t\t\t\t\t\t\t\t\t\t\t\t\t<span class=\"elementor-accordion-icon elementor-accordion-icon-left\" aria-hidden=\"true\">\n\t\t\t\t\t\t\t\t\t\t\t\t\t\t\t<span class=\"elementor-accordion-icon-closed\"><i class=\"fas fa-plus\"><\/i><\/span>\n\t\t\t\t\t\t\t\t<span class=\"elementor-accordion-icon-opened\"><i class=\"fas fa-minus\"><\/i><\/span>\n\t\t\t\t\t\t\t\t\t\t\t\t\t\t<\/span>\n\t\t\t\t\t\t\t\t\t\t\t\t<a class=\"elementor-accordion-title\" href=\"\">Julio<\/a>\n\t\t\t\t\t<\/h5>\n\t\t\t\t\t<div id=\"elementor-tab-content-1647\" class=\"elementor-tab-content elementor-clearfix\" data-tab=\"7\" role=\"tabpanel\" aria-labelledby=\"elementor-tab-title-1647\"><table border=\"1\" cellspacing=\"0\" cellpadding=\"0\"><tbody><tr><td width=\"230\"><p><strong>Transparencia activa<\/strong><\/p><\/td><td width=\"206\"><p><strong>Descargar documento<\/strong><\/p><\/td><td width=\"187\"><p><strong>Enlace de Defensor\u00eda<\/strong><\/p><\/td><\/tr><tr><td><p><strong>Transparencia pasiva<\/strong><\/p><\/td><td><p><strong>Descargar documento<\/strong><\/p><\/td><td><p><strong>Enlace de Defensor\u00eda<\/strong><\/p><\/td><\/tr><tr><td><p><strong>Transparencia colaborativa<\/strong><\/p><\/td><td><p><strong>Descargar documento<\/strong><\/p><\/td><td><p><strong>Enlace de Defensor\u00eda<\/strong><\/p><\/td><\/tr><tr><td><p><strong>Transparencia focalizada<\/strong><\/p><\/td><td><p><strong>Descargar documento<\/strong><\/p><\/td><td><p><strong>Enlace de Defensor\u00eda<\/strong><\/p><\/td><\/tr><\/tbody><\/table><\/div>\n\t\t\t\t<\/div>\n\t\t\t\t\t\t\t<div class=\"elementor-accordion-item\">\n\t\t\t\t\t<h5 id=\"elementor-tab-title-1648\" class=\"elementor-tab-title\" data-tab=\"8\" role=\"tab\" aria-controls=\"elementor-tab-content-1648\" aria-expanded=\"false\">\n\t\t\t\t\t\t\t\t\t\t\t\t\t<span class=\"elementor-accordion-icon elementor-accordion-icon-left\" aria-hidden=\"true\">\n\t\t\t\t\t\t\t\t\t\t\t\t\t\t\t<span class=\"elementor-accordion-icon-closed\"><i class=\"fas fa-plus\"><\/i><\/span>\n\t\t\t\t\t\t\t\t<span class=\"elementor-accordion-icon-opened\"><i class=\"fas fa-minus\"><\/i><\/span>\n\t\t\t\t\t\t\t\t\t\t\t\t\t\t<\/span>\n\t\t\t\t\t\t\t\t\t\t\t\t<a class=\"elementor-accordion-title\" href=\"\">Agosto<\/a>\n\t\t\t\t\t<\/h5>\n\t\t\t\t\t<div id=\"elementor-tab-content-1648\" class=\"elementor-tab-content elementor-clearfix\" data-tab=\"8\" role=\"tabpanel\" aria-labelledby=\"elementor-tab-title-1648\"><table border=\"1\" cellspacing=\"0\" cellpadding=\"0\"><tbody><tr><td width=\"230\"><p><strong>Transparencia activa<\/strong><\/p><\/td><td width=\"206\"><p><strong>Descargar documento<\/strong><\/p><\/td><td width=\"187\"><p><strong>Enlace de Defensor\u00eda<\/strong><\/p><\/td><\/tr><tr><td><p><strong>Transparencia pasiva<\/strong><\/p><\/td><td><p><strong>Descargar documento<\/strong><\/p><\/td><td><p><strong>Enlace de Defensor\u00eda<\/strong><\/p><\/td><\/tr><tr><td><p><strong>Transparencia colaborativa<\/strong><\/p><\/td><td><p><strong>Descargar documento<\/strong><\/p><\/td><td><p><strong>Enlace de Defensor\u00eda<\/strong><\/p><\/td><\/tr><tr><td><p><strong>Transparencia focalizada<\/strong><\/p><\/td><td><p><strong>Descargar documento<\/strong><\/p><\/td><td><p><strong>Enlace de Defensor\u00eda<\/strong><\/p><\/td><\/tr><\/tbody><\/table><\/div>\n\t\t\t\t<\/div>\n\t\t\t\t\t\t\t<div class=\"elementor-accordion-item\">\n\t\t\t\t\t<h5 id=\"elementor-tab-title-1649\" class=\"elementor-tab-title\" data-tab=\"9\" role=\"tab\" aria-controls=\"elementor-tab-content-1649\" aria-expanded=\"false\">\n\t\t\t\t\t\t\t\t\t\t\t\t\t<span class=\"elementor-accordion-icon elementor-accordion-icon-left\" aria-hidden=\"true\">\n\t\t\t\t\t\t\t\t\t\t\t\t\t\t\t<span class=\"elementor-accordion-icon-closed\"><i class=\"fas fa-plus\"><\/i><\/span>\n\t\t\t\t\t\t\t\t<span class=\"elementor-accordion-icon-opened\"><i class=\"fas fa-minus\"><\/i><\/span>\n\t\t\t\t\t\t\t\t\t\t\t\t\t\t<\/span>\n\t\t\t\t\t\t\t\t\t\t\t\t<a class=\"elementor-accordion-title\" href=\"\">Septiembre<\/a>\n\t\t\t\t\t<\/h5>\n\t\t\t\t\t<div id=\"elementor-tab-content-1649\" class=\"elementor-tab-content elementor-clearfix\" data-tab=\"9\" role=\"tabpanel\" aria-labelledby=\"elementor-tab-title-1649\"><table border=\"1\" cellspacing=\"0\" cellpadding=\"0\"><tbody><tr><td width=\"230\"><p><strong>Transparencia activa<\/strong><\/p><\/td><td width=\"206\"><p><strong>Descargar documento<\/strong><\/p><\/td><td width=\"187\"><p><strong>Enlace de Defensor\u00eda<\/strong><\/p><\/td><\/tr><tr><td><p><strong>Transparencia pasiva<\/strong><\/p><\/td><td><p><strong>Descargar documento<\/strong><\/p><\/td><td><p><strong>Enlace de Defensor\u00eda<\/strong><\/p><\/td><\/tr><tr><td><p><strong>Transparencia colaborativa<\/strong><\/p><\/td><td><p><strong>Descargar documento<\/strong><\/p><\/td><td><p><strong>Enlace de Defensor\u00eda<\/strong><\/p><\/td><\/tr><tr><td><p><strong>Transparencia focalizada<\/strong><\/p><\/td><td><p><strong>Descargar documento<\/strong><\/p><\/td><td><p><strong>Enlace de Defensor\u00eda<\/strong><\/p><\/td><\/tr><\/tbody><\/table><\/div>\n\t\t\t\t<\/div>\n\t\t\t\t\t\t\t<div class=\"elementor-accordion-item\">\n\t\t\t\t\t<h5 id=\"elementor-tab-title-16410\" class=\"elementor-tab-title\" data-tab=\"10\" role=\"tab\" aria-controls=\"elementor-tab-content-16410\" aria-expanded=\"false\">\n\t\t\t\t\t\t\t\t\t\t\t\t\t<span class=\"elementor-accordion-icon elementor-accordion-icon-left\" aria-hidden=\"true\">\n\t\t\t\t\t\t\t\t\t\t\t\t\t\t\t<span class=\"elementor-accordion-icon-closed\"><i class=\"fas fa-plus\"><\/i><\/span>\n\t\t\t\t\t\t\t\t<span class=\"elementor-accordion-icon-opened\"><i class=\"fas fa-minus\"><\/i><\/span>\n\t\t\t\t\t\t\t\t\t\t\t\t\t\t<\/span>\n\t\t\t\t\t\t\t\t\t\t\t\t<a class=\"elementor-accordion-title\" href=\"\">Octubre<\/a>\n\t\t\t\t\t<\/h5>\n\t\t\t\t\t<div id=\"elementor-tab-content-16410\" class=\"elementor-tab-content elementor-clearfix\" data-tab=\"10\" role=\"tabpanel\" aria-labelledby=\"elementor-tab-title-16410\"><table border=\"1\" cellspacing=\"0\" cellpadding=\"0\"><tbody><tr><td width=\"230\"><p><strong>Transparencia activa<\/strong><\/p><\/td><td width=\"206\"><p><strong>Descargar documento<\/strong><\/p><\/td><td width=\"187\"><p><strong>Enlace de Defensor\u00eda<\/strong><\/p><\/td><\/tr><tr><td><p><strong>Transparencia pasiva<\/strong><\/p><\/td><td><p><strong>Descargar documento<\/strong><\/p><\/td><td><p><strong>Enlace de Defensor\u00eda<\/strong><\/p><\/td><\/tr><tr><td><p><strong>Transparencia colaborativa<\/strong><\/p><\/td><td><p><strong>Descargar documento<\/strong><\/p><\/td><td><p><strong>Enlace de Defensor\u00eda<\/strong><\/p><\/td><\/tr><tr><td><p><strong>Transparencia focalizada<\/strong><\/p><\/td><td><p><strong>Descargar documento<\/strong><\/p><\/td><td><p><strong>Enlace de Defensor\u00eda<\/strong><\/p><\/td><\/tr><\/tbody><\/table><\/div>\n\t\t\t\t<\/div>\n\t\t\t\t\t\t\t<div class=\"elementor-accordion-item\">\n\t\t\t\t\t<h5 id=\"elementor-tab-title-16411\" class=\"elementor-tab-title\" data-tab=\"11\" role=\"tab\" aria-controls=\"elementor-tab-content-16411\" aria-expanded=\"false\">\n\t\t\t\t\t\t\t\t\t\t\t\t\t<span class=\"elementor-accordion-icon elementor-accordion-icon-left\" aria-hidden=\"true\">\n\t\t\t\t\t\t\t\t\t\t\t\t\t\t\t<span class=\"elementor-accordion-icon-closed\"><i class=\"fas fa-plus\"><\/i><\/span>\n\t\t\t\t\t\t\t\t<span class=\"elementor-accordion-icon-opened\"><i class=\"fas fa-minus\"><\/i><\/span>\n\t\t\t\t\t\t\t\t\t\t\t\t\t\t<\/span>\n\t\t\t\t\t\t\t\t\t\t\t\t<a class=\"elementor-accordion-title\" href=\"\">Noviembre<\/a>\n\t\t\t\t\t<\/h5>\n\t\t\t\t\t<div id=\"elementor-tab-content-16411\" class=\"elementor-tab-content elementor-clearfix\" data-tab=\"11\" role=\"tabpanel\" aria-labelledby=\"elementor-tab-title-16411\"><table border=\"1\" cellspacing=\"0\" cellpadding=\"0\"><tbody><tr><td width=\"230\"><p><strong>Transparencia activa<\/strong><\/p><\/td><td width=\"206\"><p><strong>Descargar documento<\/strong><\/p><\/td><td width=\"187\"><p><strong>Enlace de Defensor\u00eda<\/strong><\/p><\/td><\/tr><tr><td><p><strong>Transparencia pasiva<\/strong><\/p><\/td><td><p><strong>Descargar documento<\/strong><\/p><\/td><td><p><strong>Enlace de Defensor\u00eda<\/strong><\/p><\/td><\/tr><tr><td><p><strong>Transparencia colaborativa<\/strong><\/p><\/td><td><p><strong>Descargar documento<\/strong><\/p><\/td><td><p><strong>Enlace de Defensor\u00eda<\/strong><\/p><\/td><\/tr><tr><td><p><strong>Transparencia focalizada<\/strong><\/p><\/td><td><p><strong>Descargar documento<\/strong><\/p><\/td><td><p><strong>Enlace de Defensor\u00eda<\/strong><\/p><\/td><\/tr><\/tbody><\/table><\/div>\n\t\t\t\t<\/div>\n\t\t\t\t\t\t\t<div class=\"elementor-accordion-item\">\n\t\t\t\t\t<h5 id=\"elementor-tab-title-16412\" class=\"elementor-tab-title\" data-tab=\"12\" role=\"tab\" aria-controls=\"elementor-tab-content-16412\" aria-expanded=\"false\">\n\t\t\t\t\t\t\t\t\t\t\t\t\t<span class=\"elementor-accordion-icon elementor-accordion-icon-left\" aria-hidden=\"true\">\n\t\t\t\t\t\t\t\t\t\t\t\t\t\t\t<span class=\"elementor-accordion-icon-closed\"><i class=\"fas fa-plus\"><\/i><\/span>\n\t\t\t\t\t\t\t\t<span class=\"elementor-accordion-icon-opened\"><i class=\"fas fa-minus\"><\/i><\/span>\n\t\t\t\t\t\t\t\t\t\t\t\t\t\t<\/span>\n\t\t\t\t\t\t\t\t\t\t\t\t<a class=\"elementor-accordion-title\" href=\"\">Diciembre<\/a>\n\t\t\t\t\t<\/h5>\n\t\t\t\t\t<div id=\"elementor-tab-content-16412\" class=\"elementor-tab-content elementor-clearfix\" data-tab=\"12\" role=\"tabpanel\" aria-labelledby=\"elementor-tab-title-16412\"><table border=\"1\" cellspacing=\"0\" cellpadding=\"0\"><tbody><tr><td width=\"230\"><p><strong>Transparencia activa<\/strong><\/p><\/td><td width=\"206\"><p><strong>Descargar documento<\/strong><\/p><\/td><td width=\"187\"><p><strong>Enlace de Defensor\u00eda<\/strong><\/p><\/td><\/tr><tr><td><p><strong>Transparencia pasiva<\/strong><\/p><\/td><td><p><strong>Descargar documento<\/strong><\/p><\/td><td><p><strong>Enlace de Defensor\u00eda<\/strong><\/p><\/td><\/tr><tr><td><p><strong>Transparencia colaborativa<\/strong><\/p><\/td><td><p><strong>Descargar documento<\/strong><\/p><\/td><td><p><strong>Enlace de Defensor\u00eda<\/strong><\/p><\/td><\/tr><tr><td><p><strong>Transparencia focalizada<\/strong><\/p><\/td><td><p><strong>Descargar documento<\/strong><\/p><\/td><td><p><strong>Enlace de Defensor\u00eda<\/strong><\/p><\/td><\/tr><\/tbody><\/table><\/div>\n\t\t\t\t<\/div>\n\t\t\t\t\t\t\t\t<\/div>\n\t\t\t\t<\/div>\n\t\t\t\t<\/div>\n\t\t\t\t<div class=\"elementor-element elementor-element-0f502cd elementor-widget elementor-widget-spacer\" data-id=\"0f502cd\" data-element_type=\"widget\" data-widget_type=\"spacer.default\">\n\t\t\t\t<div class=\"elementor-widget-container\">\n\t\t\t\t\t<div class=\"elementor-spacer\">\n\t\t\t<div class=\"elementor-spacer-inner\"><\/div>\n\t\t<\/div>\n\t\t\t\t<\/div>\n\t\t\t\t<\/div>\n\t\t\t\t\t<\/div>\n\t\t<\/div>\n\t\t\t\t\t\t\t<\/div>\n\t\t<\/section>\n\t\t\t\t\t\t<\/div>\n\t\t\t\t\t<\/div>\n\t\t","protected":false},"excerpt":{"rendered":"<p>LOTAIP 2026 La Ley Org\u00e1nica de Transparencia y Acceso a la Informaci\u00f3n P\u00fablica (LOTAIP) plantea la participaci\u00f3n ciudadana y el derecho de acceso a la informaci\u00f3n relacionada con asuntos p\u00fablicos, para ejercer un efectivo control y exigirla rendici\u00f3n de cuentas a las instituciones gubernamentales o aquellas que perciben recursos estatales. Art. 7.- Difusi\u00f3n de la&hellip;&nbsp;<a href=\"https:\/\/elretiro.gob.ec\/?page_id=1318\" class=\"\" rel=\"bookmark\">Leer m\u00e1s &raquo;<span class=\"screen-reader-text\">LOTAIP 2026<\/span><\/a><\/p>\n","protected":false},"author":1,"featured_media":0,"parent":0,"menu_order":0,"comment_status":"closed","ping_status":"closed","template":"page-templates\/template-pagebuilder-full-width.php","meta":{"neve_meta_sidebar":"","neve_meta_container":"","neve_meta_enable_content_width":"","neve_meta_content_width":0,"neve_meta_title_alignment":"","neve_meta_author_avatar":"","neve_post_elements_order":"","neve_meta_disable_header":"","neve_meta_disable_footer":"","neve_meta_disable_title":"","footnotes":""},"_links":{"self":[{"href":"https:\/\/elretiro.gob.ec\/index.php?rest_route=\/wp\/v2\/pages\/1318"}],"collection":[{"href":"https:\/\/elretiro.gob.ec\/index.php?rest_route=\/wp\/v2\/pages"}],"about":[{"href":"https:\/\/elretiro.gob.ec\/index.php?rest_route=\/wp\/v2\/types\/page"}],"author":[{"embeddable":true,"href":"https:\/\/elretiro.gob.ec\/index.php?rest_route=\/wp\/v2\/users\/1"}],"replies":[{"embeddable":true,"href":"https:\/\/elretiro.gob.ec\/index.php?rest_route=%2Fwp%2Fv2%2Fcomments&post=1318"}],"version-history":[{"count":10,"href":"https:\/\/elretiro.gob.ec\/index.php?rest_route=\/wp\/v2\/pages\/1318\/revisions"}],"predecessor-version":[{"id":1349,"href":"https:\/\/elretiro.gob.ec\/index.php?rest_route=\/wp\/v2\/pages\/1318\/revisions\/1349"}],"wp:attachment":[{"href":"https:\/\/elretiro.gob.ec\/index.php?rest_route=%2Fwp%2Fv2%2Fmedia&parent=1318"}],"curies":[{"name":"wp","href":"https:\/\/api.w.org\/{rel}","templated":true}]}}